{"id":1375,"date":"2023-08-16T17:21:44","date_gmt":"2023-08-16T09:21:44","guid":{"rendered":"https:\/\/manekcasting.com\/?post_type=product&#038;p=1375"},"modified":"2023-08-16T17:29:07","modified_gmt":"2023-08-16T09:29:07","slug":"custom-investment-casting-automotive-parts","status":"publish","type":"product","link":"https:\/\/manekcasting.com\/fr\/product\/custom-investment-casting-automotive-parts\/","title":{"rendered":"Pi\u00e8ces automobiles moul\u00e9es \u00e0 la cire perdue"},"content":{"rendered":"<ul>\n<li>Nom du produit : Pi\u00e8ces automobiles moul\u00e9es \u00e0 la cire perdue (OEM)<\/li>\n<li>Mat\u00e9riau:Exigences du client<\/li>\n<li>Application:Industrie automobile<\/li>\n<li>Mat\u00e9riau : selon la demande du client<\/li>\n<li>Traitement de surface : Exigences du client<\/li>\n<li>Proc\u00e9d\u00e9 : moulage \u00e0 la cire perdue, usinage CNC, traitement de surface<\/li>\n<li>Standard:ISO9001:2008<\/li>\n<li>Emballage : bo\u00eete\/palette en bois multicouche, avec un grand sac en plastique \u00e0 l'int\u00e9rieur.<\/li>\n<li>Nom de marque:Manek<\/li>\n<li>Lieu d'origine : Shandong, Chine<\/li>\n<\/ul>","protected":false},"excerpt":{"rendered":"<p>Les pi\u00e8ces moul\u00e9es \u00e0 la cire perdue sont souvent utilis\u00e9es dans les accessoires automobiles. Chez Manek Casting, nos solides capacit\u00e9s de fabrication nous permettent de fournir un large \u00e9ventail de composants automobiles moul\u00e9s \u00e0 la cire perdue.<\/p>\n<p>Notre gamme de services de personnalisation des pi\u00e8ces automobiles comprend un choix de mat\u00e9riaux, de dimensions, de traitements de surface, etc.<\/p>","protected":false},"featured_media":1377,"template":"","meta":{"site-sidebar-layout":"default","site-content-layout":"default","ast-global-header-display":"","ast-banner-title-visibility":"","ast-main-header-display":"","ast-hfb-above-header-display":"","ast-hfb-below-header-display":"","ast-hfb-mobile-header-display":"","site-post-title":"","ast-breadcrumbs-content":"","ast-featured-img":"","footer-sml-layout":"","theme-transparent-header-meta":"default","adv-header-id-meta":"","stick-header-meta":"default","header-above-stick-meta":"","header-main-stick-meta":"","header-below-stick-meta":""},"product_brand":[],"product_cat":[37],"product_tag":[45,46,44,43,42],"class_list":{"0":"post-1375","1":"product","2":"type-product","3":"status-publish","4":"has-post-thumbnail","6":"product_cat-automotive-parts","7":"product_tag-custom-automotive-parts","8":"product_tag-custom-investment-casting-auto-parts","9":"product_tag-custom-investment-casting-automotive-parts","10":"product_tag-investment-casting-auto-parts","11":"product_tag-investment-casting-automotive-parts","12":"desktop-align-left","13":"tablet-align-left","14":"mobile-align-left","15":"ast-product-gallery-layout-horizontal-slider","16":"ast-product-tabs-layout-horizontal","18":"first","19":"instock","20":"shipping-taxable","21":"product-type-simple"},"_links":{"self":[{"href":"https:\/\/manekcasting.com\/fr\/wp-json\/wp\/v2\/product\/1375","targetHints":{"allow":["GET"]}}],"collection":[{"href":"https:\/\/manekcasting.com\/fr\/wp-json\/wp\/v2\/product"}],"about":[{"href":"https:\/\/manekcasting.com\/fr\/wp-json\/wp\/v2\/types\/product"}],"version-history":[{"count":1,"href":"https:\/\/manekcasting.com\/fr\/wp-json\/wp\/v2\/product\/1375\/revisions"}],"predecessor-version":[{"id":1379,"href":"https:\/\/manekcasting.com\/fr\/wp-json\/wp\/v2\/product\/1375\/revisions\/1379"}],"wp:featuredmedia":[{"embeddable":true,"href":"https:\/\/manekcasting.com\/fr\/wp-json\/wp\/v2\/media\/1377"}],"wp:attachment":[{"href":"https:\/\/manekcasting.com\/fr\/wp-json\/wp\/v2\/media?parent=1375"}],"wp:term":[{"taxonomy":"product_brand","embeddable":true,"href":"https:\/\/manekcasting.com\/fr\/wp-json\/wp\/v2\/product_brand?post=1375"},{"taxonomy":"product_cat","embeddable":true,"href":"https:\/\/manekcasting.com\/fr\/wp-json\/wp\/v2\/product_cat?post=1375"},{"taxonomy":"product_tag","embeddable":true,"href":"https:\/\/manekcasting.com\/fr\/wp-json\/wp\/v2\/product_tag?post=1375"}],"curies":[{"name":"wp","href":"https:\/\/api.w.org\/{rel}","templated":true}]}}