{"id":1370,"date":"2023-08-16T17:08:27","date_gmt":"2023-08-16T09:08:27","guid":{"rendered":"https:\/\/manekcasting.com\/?post_type=product&#038;p=1370"},"modified":"2023-08-16T17:08:27","modified_gmt":"2023-08-16T09:08:27","slug":"investment-casting-automotive-parts","status":"publish","type":"product","link":"https:\/\/manekcasting.com\/fr\/product\/investment-casting-automotive-parts\/","title":{"rendered":"Pi\u00e8ces automobiles moul\u00e9es \u00e0 la cire perdue"},"content":{"rendered":"<ul>\n<li>Nom du produit : pi\u00e8ces automobiles moul\u00e9es \u00e0 la cire perdue<\/li>\n<li>Proc\u00e9d\u00e9s : moulage \u00e0 la cire perdue, usinage CNC<\/li>\n<li>Mat\u00e9riau : 304, 316, etc. Selon la demande du client.<\/li>\n<li>Tol\u00e9rance de coul\u00e9e : CT4, CT6<\/li>\n<li>Traitement de surface : selon la demande du client<\/li>\n<li>Contr\u00f4le de la qualit\u00e9 : inspection 100% stricte<\/li>\n<li>Emballage : bo\u00eete\/palette en bois multicouche, avec un grand sac en plastique \u00e0 l'int\u00e9rieur.<\/li>\n<li>Service:OEM ODM Personnalis\u00e9<\/li>\n<li>D\u00e9lai de livraison : 30-45 jours<\/li>\n<li>Nom de marque:Manek<\/li>\n<li>Lieu d'origine : Shandong<\/li>\n<\/ul>","protected":false},"excerpt":{"rendered":"<p>Le moulage \u00e0 la cire perdue permet de fabriquer des pi\u00e8ces automobiles complexes. Chez Manek Casting, nous poss\u00e9dons une technologie de moulage \u00e0 la cire perdue bien \u00e9tablie qui nous permet de fournir des pi\u00e8ces automobiles moul\u00e9es avec des tol\u00e9rances pr\u00e9cises, adapt\u00e9es \u00e0 vos conceptions sp\u00e9cifiques.<\/p>\n<p>En outre, notre gamme de mat\u00e9riaux de moulage \u00e0 la cire perdue nous permet de produire des pi\u00e8ces exceptionnellement durables pour une grande vari\u00e9t\u00e9 de v\u00e9hicules automobiles.<\/p>","protected":false},"featured_media":1373,"template":"","meta":{"site-sidebar-layout":"default","site-content-layout":"default","ast-global-header-display":"","ast-banner-title-visibility":"","ast-main-header-display":"","ast-hfb-above-header-display":"","ast-hfb-below-header-display":"","ast-hfb-mobile-header-display":"","site-post-title":"","ast-breadcrumbs-content":"","ast-featured-img":"","footer-sml-layout":"","theme-transparent-header-meta":"default","adv-header-id-meta":"","stick-header-meta":"default","header-above-stick-meta":"","header-main-stick-meta":"","header-below-stick-meta":""},"product_brand":[],"product_cat":[37],"product_tag":[40,43,42],"class_list":{"0":"post-1370","1":"product","2":"type-product","3":"status-publish","4":"has-post-thumbnail","6":"product_cat-automotive-parts","7":"product_tag-automotive-parts-manufacturing","8":"product_tag-investment-casting-auto-parts","9":"product_tag-investment-casting-automotive-parts","10":"desktop-align-left","11":"tablet-align-left","12":"mobile-align-left","13":"ast-product-gallery-layout-horizontal-slider","14":"ast-product-tabs-layout-horizontal","16":"first","17":"instock","18":"shipping-taxable","19":"product-type-simple"},"_links":{"self":[{"href":"https:\/\/manekcasting.com\/fr\/wp-json\/wp\/v2\/product\/1370","targetHints":{"allow":["GET"]}}],"collection":[{"href":"https:\/\/manekcasting.com\/fr\/wp-json\/wp\/v2\/product"}],"about":[{"href":"https:\/\/manekcasting.com\/fr\/wp-json\/wp\/v2\/types\/product"}],"version-history":[{"count":1,"href":"https:\/\/manekcasting.com\/fr\/wp-json\/wp\/v2\/product\/1370\/revisions"}],"predecessor-version":[{"id":1374,"href":"https:\/\/manekcasting.com\/fr\/wp-json\/wp\/v2\/product\/1370\/revisions\/1374"}],"wp:featuredmedia":[{"embeddable":true,"href":"https:\/\/manekcasting.com\/fr\/wp-json\/wp\/v2\/media\/1373"}],"wp:attachment":[{"href":"https:\/\/manekcasting.com\/fr\/wp-json\/wp\/v2\/media?parent=1370"}],"wp:term":[{"taxonomy":"product_brand","embeddable":true,"href":"https:\/\/manekcasting.com\/fr\/wp-json\/wp\/v2\/product_brand?post=1370"},{"taxonomy":"product_cat","embeddable":true,"href":"https:\/\/manekcasting.com\/fr\/wp-json\/wp\/v2\/product_cat?post=1370"},{"taxonomy":"product_tag","embeddable":true,"href":"https:\/\/manekcasting.com\/fr\/wp-json\/wp\/v2\/product_tag?post=1370"}],"curies":[{"name":"wp","href":"https:\/\/api.w.org\/{rel}","templated":true}]}}