{"id":1356,"date":"2023-08-16T16:18:19","date_gmt":"2023-08-16T08:18:19","guid":{"rendered":"https:\/\/manekcasting.com\/?post_type=product&#038;p=1356"},"modified":"2023-08-16T16:27:38","modified_gmt":"2023-08-16T08:27:38","slug":"automotive-parts-exhaust-manifold","status":"publish","type":"product","link":"https:\/\/manekcasting.com\/fr\/product\/automotive-parts-exhaust-manifold\/","title":{"rendered":"Pi\u00e8ces d\u00e9tach\u00e9es automobiles Collecteur d'\u00e9chappement"},"content":{"rendered":"<ul>\n<li>Processus : moulage en cire perdue\uff0cCNC Machining<\/li>\n<li>Mat\u00e9riau : selon la demande du client.<\/li>\n<li>Traitement de surface : polissage, placage\uff0cSelon la demande du client<\/li>\n<li>Contr\u00f4le de la qualit\u00e9 : inspection 100% stricte<\/li>\n<li>D\u00e9lai de livraison : 30-45 jours<\/li>\n<li>Emballage : bo\u00eete\/palette en bois multicouche, avec un grand sac en plastique \u00e0 l'int\u00e9rieur.<\/li>\n<\/ul>","protected":false},"excerpt":{"rendered":"<p>Le collecteur d'\u00e9chappement est un \u00e9l\u00e9ment essentiel du syst\u00e8me d'\u00e9chappement automobile.<\/p>\n<p>Manek Casting excelle dans la fabrication d'une gamme vari\u00e9e de collecteurs d'\u00e9chappement par moulage \u00e0 la cire perdue, con\u00e7us pour r\u00e9pondre aux exigences uniques de notre client\u00e8le estim\u00e9e.<\/p>","protected":false},"featured_media":1360,"template":"","meta":{"site-sidebar-layout":"default","site-content-layout":"default","ast-global-header-display":"","ast-banner-title-visibility":"","ast-main-header-display":"","ast-hfb-above-header-display":"","ast-hfb-below-header-display":"","ast-hfb-mobile-header-display":"","site-post-title":"","ast-breadcrumbs-content":"","ast-featured-img":"","footer-sml-layout":"","theme-transparent-header-meta":"default","adv-header-id-meta":"","stick-header-meta":"default","header-above-stick-meta":"","header-main-stick-meta":"","header-below-stick-meta":""},"product_brand":[],"product_cat":[37],"product_tag":[39,41,40,38],"class_list":{"0":"post-1356","1":"product","2":"type-product","3":"status-publish","4":"has-post-thumbnail","6":"product_cat-automotive-parts","7":"product_tag-automotive-parts","8":"product_tag-automotive-parts-exhaust-manifold","9":"product_tag-automotive-parts-manufacturing","10":"product_tag-investment-casitng-automotive-parts","11":"desktop-align-left","12":"tablet-align-left","13":"mobile-align-left","14":"ast-product-gallery-layout-horizontal-slider","15":"ast-product-tabs-layout-horizontal","17":"first","18":"instock","19":"shipping-taxable","20":"product-type-simple"},"_links":{"self":[{"href":"https:\/\/manekcasting.com\/fr\/wp-json\/wp\/v2\/product\/1356","targetHints":{"allow":["GET"]}}],"collection":[{"href":"https:\/\/manekcasting.com\/fr\/wp-json\/wp\/v2\/product"}],"about":[{"href":"https:\/\/manekcasting.com\/fr\/wp-json\/wp\/v2\/types\/product"}],"version-history":[{"count":3,"href":"https:\/\/manekcasting.com\/fr\/wp-json\/wp\/v2\/product\/1356\/revisions"}],"predecessor-version":[{"id":1365,"href":"https:\/\/manekcasting.com\/fr\/wp-json\/wp\/v2\/product\/1356\/revisions\/1365"}],"wp:featuredmedia":[{"embeddable":true,"href":"https:\/\/manekcasting.com\/fr\/wp-json\/wp\/v2\/media\/1360"}],"wp:attachment":[{"href":"https:\/\/manekcasting.com\/fr\/wp-json\/wp\/v2\/media?parent=1356"}],"wp:term":[{"taxonomy":"product_brand","embeddable":true,"href":"https:\/\/manekcasting.com\/fr\/wp-json\/wp\/v2\/product_brand?post=1356"},{"taxonomy":"product_cat","embeddable":true,"href":"https:\/\/manekcasting.com\/fr\/wp-json\/wp\/v2\/product_cat?post=1356"},{"taxonomy":"product_tag","embeddable":true,"href":"https:\/\/manekcasting.com\/fr\/wp-json\/wp\/v2\/product_tag?post=1356"}],"curies":[{"name":"wp","href":"https:\/\/api.w.org\/{rel}","templated":true}]}}