{"id":1375,"date":"2023-08-16T17:21:44","date_gmt":"2023-08-16T09:21:44","guid":{"rendered":"https:\/\/manekcasting.com\/?post_type=product&#038;p=1375"},"modified":"2023-08-16T17:29:07","modified_gmt":"2023-08-16T09:29:07","slug":"custom-investment-casting-automotive-parts","status":"publish","type":"product","link":"https:\/\/manekcasting.com\/es\/product\/custom-investment-casting-automotive-parts\/","title":{"rendered":"Fundici\u00f3n a la cera perdida de piezas de automoci\u00f3n"},"content":{"rendered":"<ul>\n<li>Nombre del producto: OEM personalizado de fundici\u00f3n de inversi\u00f3n de piezas de autom\u00f3viles<\/li>\n<li>Material:Requisitos del cliente<\/li>\n<li>Aplicaci\u00f3n:Industria del autom\u00f3vil<\/li>\n<li>Material:A petici\u00f3n del cliente<\/li>\n<li>Tratamiento de superficie:Requisitos del cliente<\/li>\n<li>Proceso:Fundici\u00f3n a la cera perdida,Mecanizado CNC,Tratamiento superficial<\/li>\n<li>Standard:ISO9001:2008<\/li>\n<li>Embalaje:Caja\/palet de madera multicapa, con bolsa de pl\u00e1stico grande en el interior<\/li>\n<li>Marca:Manek<\/li>\n<li>Lugar de origen: Shandong, China<\/li>\n<\/ul>","protected":false},"excerpt":{"rendered":"<p>Las piezas de fundici\u00f3n a la cera perdida a medida se utilizan con frecuencia en accesorios de automoci\u00f3n. En Manek Casting, nuestras s\u00f3lidas capacidades de fabricaci\u00f3n nos permiten ofrecer una amplia gama de componentes personalizados para autom\u00f3viles fundidos a la cera perdida.<\/p>\n<p>Nuestra gama de servicios de personalizaci\u00f3n de piezas de automoci\u00f3n incluye una selecci\u00f3n de materiales, dimensiones, tratamientos superficiales, etc.<\/p>","protected":false},"featured_media":1377,"template":"","meta":{"site-sidebar-layout":"default","site-content-layout":"default","ast-global-header-display":"","ast-banner-title-visibility":"","ast-main-header-display":"","ast-hfb-above-header-display":"","ast-hfb-below-header-display":"","ast-hfb-mobile-header-display":"","site-post-title":"","ast-breadcrumbs-content":"","ast-featured-img":"","footer-sml-layout":"","theme-transparent-header-meta":"default","adv-header-id-meta":"","stick-header-meta":"default","header-above-stick-meta":"","header-main-stick-meta":"","header-below-stick-meta":""},"product_brand":[],"product_cat":[37],"product_tag":[45,46,44,43,42],"class_list":{"0":"post-1375","1":"product","2":"type-product","3":"status-publish","4":"has-post-thumbnail","6":"product_cat-automotive-parts","7":"product_tag-custom-automotive-parts","8":"product_tag-custom-investment-casting-auto-parts","9":"product_tag-custom-investment-casting-automotive-parts","10":"product_tag-investment-casting-auto-parts","11":"product_tag-investment-casting-automotive-parts","12":"desktop-align-left","13":"tablet-align-left","14":"mobile-align-left","15":"ast-product-gallery-layout-horizontal-slider","16":"ast-product-tabs-layout-horizontal","18":"first","19":"instock","20":"shipping-taxable","21":"product-type-simple"},"_links":{"self":[{"href":"https:\/\/manekcasting.com\/es\/wp-json\/wp\/v2\/product\/1375","targetHints":{"allow":["GET"]}}],"collection":[{"href":"https:\/\/manekcasting.com\/es\/wp-json\/wp\/v2\/product"}],"about":[{"href":"https:\/\/manekcasting.com\/es\/wp-json\/wp\/v2\/types\/product"}],"version-history":[{"count":1,"href":"https:\/\/manekcasting.com\/es\/wp-json\/wp\/v2\/product\/1375\/revisions"}],"predecessor-version":[{"id":1379,"href":"https:\/\/manekcasting.com\/es\/wp-json\/wp\/v2\/product\/1375\/revisions\/1379"}],"wp:featuredmedia":[{"embeddable":true,"href":"https:\/\/manekcasting.com\/es\/wp-json\/wp\/v2\/media\/1377"}],"wp:attachment":[{"href":"https:\/\/manekcasting.com\/es\/wp-json\/wp\/v2\/media?parent=1375"}],"wp:term":[{"taxonomy":"product_brand","embeddable":true,"href":"https:\/\/manekcasting.com\/es\/wp-json\/wp\/v2\/product_brand?post=1375"},{"taxonomy":"product_cat","embeddable":true,"href":"https:\/\/manekcasting.com\/es\/wp-json\/wp\/v2\/product_cat?post=1375"},{"taxonomy":"product_tag","embeddable":true,"href":"https:\/\/manekcasting.com\/es\/wp-json\/wp\/v2\/product_tag?post=1375"}],"curies":[{"name":"wp","href":"https:\/\/api.w.org\/{rel}","templated":true}]}}