{"id":1356,"date":"2023-08-16T16:18:19","date_gmt":"2023-08-16T08:18:19","guid":{"rendered":"https:\/\/manekcasting.com\/?post_type=product&#038;p=1356"},"modified":"2023-08-16T16:27:38","modified_gmt":"2023-08-16T08:27:38","slug":"automotive-parts-exhaust-manifold","status":"publish","type":"product","link":"https:\/\/manekcasting.com\/es\/product\/automotive-parts-exhaust-manifold\/","title":{"rendered":"Piezas de autom\u00f3vil Colector de escape"},"content":{"rendered":"<ul>\n<li>Proceso: fundici\u00f3n de precisi\u00f3n, mecanizado CNC<\/li>\n<li>Material: A petici\u00f3n del cliente.<\/li>\n<li>Tratamiento de superficie: Pulido, chapado, a petici\u00f3n del cliente.<\/li>\n<li>Control de calidad:Estricta inspecci\u00f3n 100%<\/li>\n<li>Plazo de entrega:30-45 d\u00edas<\/li>\n<li>Embalaje:Caja\/palet de madera multicapa, con bolsa de pl\u00e1stico grande en el interior<\/li>\n<\/ul>","protected":false},"excerpt":{"rendered":"<p>El colector de escape es un componente fundamental del sistema de escape de un autom\u00f3vil.<\/p>\n<p>Manek Casting sobresale en la elaboraci\u00f3n de una amplia gama de colectores de escape a trav\u00e9s de la fundici\u00f3n a presi\u00f3n, adaptados para satisfacer las necesidades \u00fanicas de nuestra estimada clientela.<\/p>","protected":false},"featured_media":1360,"template":"","meta":{"site-sidebar-layout":"default","site-content-layout":"default","ast-global-header-display":"","ast-banner-title-visibility":"","ast-main-header-display":"","ast-hfb-above-header-display":"","ast-hfb-below-header-display":"","ast-hfb-mobile-header-display":"","site-post-title":"","ast-breadcrumbs-content":"","ast-featured-img":"","footer-sml-layout":"","theme-transparent-header-meta":"default","adv-header-id-meta":"","stick-header-meta":"default","header-above-stick-meta":"","header-main-stick-meta":"","header-below-stick-meta":""},"product_brand":[],"product_cat":[37],"product_tag":[39,41,40,38],"class_list":{"0":"post-1356","1":"product","2":"type-product","3":"status-publish","4":"has-post-thumbnail","6":"product_cat-automotive-parts","7":"product_tag-automotive-parts","8":"product_tag-automotive-parts-exhaust-manifold","9":"product_tag-automotive-parts-manufacturing","10":"product_tag-investment-casitng-automotive-parts","11":"desktop-align-left","12":"tablet-align-left","13":"mobile-align-left","14":"ast-product-gallery-layout-horizontal-slider","15":"ast-product-tabs-layout-horizontal","17":"first","18":"instock","19":"shipping-taxable","20":"product-type-simple"},"_links":{"self":[{"href":"https:\/\/manekcasting.com\/es\/wp-json\/wp\/v2\/product\/1356","targetHints":{"allow":["GET"]}}],"collection":[{"href":"https:\/\/manekcasting.com\/es\/wp-json\/wp\/v2\/product"}],"about":[{"href":"https:\/\/manekcasting.com\/es\/wp-json\/wp\/v2\/types\/product"}],"version-history":[{"count":3,"href":"https:\/\/manekcasting.com\/es\/wp-json\/wp\/v2\/product\/1356\/revisions"}],"predecessor-version":[{"id":1365,"href":"https:\/\/manekcasting.com\/es\/wp-json\/wp\/v2\/product\/1356\/revisions\/1365"}],"wp:featuredmedia":[{"embeddable":true,"href":"https:\/\/manekcasting.com\/es\/wp-json\/wp\/v2\/media\/1360"}],"wp:attachment":[{"href":"https:\/\/manekcasting.com\/es\/wp-json\/wp\/v2\/media?parent=1356"}],"wp:term":[{"taxonomy":"product_brand","embeddable":true,"href":"https:\/\/manekcasting.com\/es\/wp-json\/wp\/v2\/product_brand?post=1356"},{"taxonomy":"product_cat","embeddable":true,"href":"https:\/\/manekcasting.com\/es\/wp-json\/wp\/v2\/product_cat?post=1356"},{"taxonomy":"product_tag","embeddable":true,"href":"https:\/\/manekcasting.com\/es\/wp-json\/wp\/v2\/product_tag?post=1356"}],"curies":[{"name":"wp","href":"https:\/\/api.w.org\/{rel}","templated":true}]}}